{"id":75,"date":"2023-09-25T16:49:06","date_gmt":"2023-09-25T16:49:06","guid":{"rendered":"https:\/\/mitierraverde.com\/?page_id=75"},"modified":"2023-11-08T08:02:36","modified_gmt":"2023-11-08T08:02:36","slug":"contacto","status":"publish","type":"page","link":"https:\/\/mitierraverde.com\/es\/contacto\/","title":{"rendered":"Contacto"},"content":{"rendered":"\t\t<div data-elementor-type=\"wp-page\" data-elementor-id=\"75\" class=\"elementor elementor-75 elementor-38\" data-elementor-post-type=\"page\">\n\t\t\t\t<div class=\"elementor-element elementor-element-3826f21d e-flex e-con-boxed e-con e-parent\" data-id=\"3826f21d\" data-element_type=\"container\" data-e-type=\"container\" data-settings=\"{&quot;background_background&quot;:&quot;classic&quot;}\">\n\t\t\t\t\t<div class=\"e-con-inner\">\n\t\t<div class=\"elementor-element elementor-element-361a9203 e-flex e-con-boxed e-con e-child\" data-id=\"361a9203\" data-element_type=\"container\" data-e-type=\"container\" data-settings=\"{&quot;background_background&quot;:&quot;classic&quot;}\">\n\t\t\t\t\t<div class=\"e-con-inner\">\n\t\t\t\t<div class=\"elementor-element elementor-element-24eabde7 elementor-widget elementor-widget-heading\" data-id=\"24eabde7\" data-element_type=\"widget\" data-e-type=\"widget\" data-widget_type=\"heading.default\">\n\t\t\t\t<div class=\"elementor-widget-container\">\n\t\t\t\t\t<h2 class=\"elementor-heading-title elementor-size-default\">\u00a1Hola! \ud83d\udc4b \u00bfC\u00f3mo <br> podemos ayudarte?<\/h2>\t\t\t\t<\/div>\n\t\t\t\t<\/div>\n\t\t\t\t<div class=\"elementor-element elementor-element-46b1d444 elementor-widget elementor-widget-text-editor\" data-id=\"46b1d444\" data-element_type=\"widget\" data-e-type=\"widget\" data-widget_type=\"text-editor.default\">\n\t\t\t\t<div class=\"elementor-widget-container\">\n\t\t\t\t\t\t\t\t\tHablemos m\u00e1s de nuestros servicios.\t\t\t\t\t\t\t\t<\/div>\n\t\t\t\t<\/div>\n\t\t<div class=\"elementor-element elementor-element-68feb972 e-flex e-con-boxed e-con e-child\" data-id=\"68feb972\" data-element_type=\"container\" data-e-type=\"container\">\n\t\t\t\t\t<div class=\"e-con-inner\">\n\t\t\t\t<div class=\"elementor-element elementor-element-5cbc21e9 elementor-position-left elementor-vertical-align-top elementor-widget elementor-widget-image-box\" data-id=\"5cbc21e9\" data-element_type=\"widget\" data-e-type=\"widget\" data-widget_type=\"image-box.default\">\n\t\t\t\t<div class=\"elementor-widget-container\">\n\t\t\t\t\t<div class=\"elementor-image-box-wrapper\"><figure class=\"elementor-image-box-img\"><img decoding=\"async\" width=\"64\" height=\"64\" src=\"https:\/\/i0.wp.com\/mitierraverde.com\/wp-content\/uploads\/2023\/10\/Group-122.png?fit=64%2C64&amp;ssl=1\" class=\"attachment-full size-full wp-image-238\" alt=\"\" \/><\/figure><div class=\"elementor-image-box-content\"><p class=\"elementor-image-box-title\">Tel\u00e9fono<\/p><p class=\"elementor-image-box-description\">\n+1 (809) 596-3736<\/p><\/div><\/div>\t\t\t\t<\/div>\n\t\t\t\t<\/div>\n\t\t\t\t<div class=\"elementor-element elementor-element-30a03227 elementor-position-left elementor-widget__width-initial elementor-vertical-align-top elementor-widget elementor-widget-image-box\" data-id=\"30a03227\" data-element_type=\"widget\" data-e-type=\"widget\" data-widget_type=\"image-box.default\">\n\t\t\t\t<div class=\"elementor-widget-container\">\n\t\t\t\t\t<div class=\"elementor-image-box-wrapper\"><figure class=\"elementor-image-box-img\"><img decoding=\"async\" width=\"64\" height=\"64\" src=\"https:\/\/i0.wp.com\/mitierraverde.com\/wp-content\/uploads\/2023\/10\/Group-123.png?fit=64%2C64&amp;ssl=1\" class=\"attachment-full size-full wp-image-240\" alt=\"\" \/><\/figure><div class=\"elementor-image-box-content\"><p class=\"elementor-image-box-title\">Correo electr\u00f3nico<\/p><p class=\"elementor-image-box-description\">info@mitierraverde.com<\/p><\/div><\/div>\t\t\t\t<\/div>\n\t\t\t\t<\/div>\n\t\t\t\t\t<\/div>\n\t\t\t\t<\/div>\n\t\t<div class=\"elementor-element elementor-element-54672a1f e-con-full e-flex e-con e-child\" data-id=\"54672a1f\" data-element_type=\"container\" data-e-type=\"container\">\n\t\t\t\t<div class=\"elementor-element elementor-element-3c39c0c8 elementor-widget elementor-widget-htcontactform-addons\" data-id=\"3c39c0c8\" data-element_type=\"widget\" data-e-type=\"widget\" data-widget_type=\"htcontactform-addons.default\">\n\t\t\t\t<div class=\"elementor-widget-container\">\n\t\t\t\t\t            <div class=\"htcontact-form-wrapper\" >\n                \n<div class=\"wpcf7 no-js\" id=\"wpcf7-f1032-o1\" lang=\"en-US\" dir=\"ltr\" data-wpcf7-id=\"1032\">\n<div class=\"screen-reader-response\"><p role=\"status\" aria-live=\"polite\" aria-atomic=\"true\"><\/p> <ul><\/ul><\/div>\n<form action=\"\/es\/wp-json\/wp\/v2\/pages\/75#wpcf7-f1032-o1\" method=\"post\" class=\"wpcf7-form init\" aria-label=\"Contact form\" novalidate=\"novalidate\" data-status=\"init\">\n<fieldset class=\"hidden-fields-container\"><input type=\"hidden\" name=\"_wpcf7\" value=\"1032\" \/><input type=\"hidden\" name=\"_wpcf7_version\" value=\"6.1.5\" \/><input type=\"hidden\" name=\"_wpcf7_locale\" value=\"en_US\" \/><input type=\"hidden\" name=\"_wpcf7_unit_tag\" value=\"wpcf7-f1032-o1\" \/><input type=\"hidden\" name=\"_wpcf7_container_post\" value=\"0\" \/><input type=\"hidden\" name=\"_wpcf7_posted_data_hash\" value=\"\" \/><input type=\"hidden\" name=\"_wpcf7_recaptcha_response\" value=\"\" \/>\n<\/fieldset>\n<div class=\"uacf7-form-wrapper-container uacf7-form-1032  \"><label class=\"fifty-width\"> Nombre de pila\n    <span class=\"wpcf7-form-control-wrap\" data-name=\"f-name\"><input size=\"40\" maxlength=\"400\" class=\"wpcf7-form-control wpcf7-text wpcf7-validates-as-required\" autocomplete=\"name\" aria-required=\"true\" aria-invalid=\"false\" value=\"\" type=\"text\" name=\"f-name\" \/><\/span> <\/label>\n\n<label class=\"fifty-width\"> Apellido\n    <span class=\"wpcf7-form-control-wrap\" data-name=\"l-name\"><input size=\"40\" maxlength=\"400\" class=\"wpcf7-form-control wpcf7-text wpcf7-validates-as-required\" autocomplete=\"name\" aria-required=\"true\" aria-invalid=\"false\" value=\"\" type=\"text\" name=\"l-name\" \/><\/span> <\/label>\n\n\n<label class=\"fifty-width\"> Direcci\u00f3n de correo electr\u00f3nico\n    <span class=\"wpcf7-form-control-wrap\" data-name=\"your-email\"><input size=\"40\" maxlength=\"400\" class=\"wpcf7-form-control wpcf7-email wpcf7-validates-as-required wpcf7-text wpcf7-validates-as-email\" autocomplete=\"email\" aria-required=\"true\" aria-invalid=\"false\" value=\"\" type=\"email\" name=\"your-email\" \/><\/span> <\/label>\n\n<label class=\"fifty-width\"> N\u00famero de tel\u00e9fono\n<span class=\"wpcf7-form-control-wrap\" data-name=\"phone-num\"><input size=\"40\" maxlength=\"400\" class=\"wpcf7-form-control wpcf7-tel wpcf7-text wpcf7-validates-as-tel\" aria-invalid=\"false\" value=\"\" type=\"tel\" name=\"phone-num\" \/><\/span> <\/label>\n\n<label class=\"fifty-width\"> Tu asunto\n    <span class=\"wpcf7-form-control-wrap\" data-name=\"subject\"><select class=\"wpcf7-form-control wpcf7-select wpcf7-validates-as-required\" aria-required=\"true\" aria-invalid=\"false\" name=\"subject\"><option value=\"Trabajo en Equipo\">Trabajo en Equipo<\/option><option value=\"Viajes de Incentivo\">Viajes de Incentivo<\/option><option value=\"Eventos Corporativos\">Eventos Corporativos<\/option><option value=\"Experiencias Verdes\">Experiencias Verdes<\/option><option value=\"Bodas\">Bodas<\/option><option value=\"Boletos de Avi\u00f3n\">Boletos de Avi\u00f3n<\/option><option value=\"Transferencias\">Transferencias<\/option><option value=\"Programas Universitarios\">Programas Universitarios<\/option><option value=\"Reclamaciones\">Reclamaciones<\/option><option value=\"Otro(s)\">Otro(s)<\/option><\/select><\/span>\n<\/label>\n<label class=\"fifty-width\"> Pa\u00eds\n\n\t\t\n\t\t\t<span id=\"uacf7_country_select\" class=\"wpcf7-form-control-wrap  uacf7_country_dropdown-564\">\n\n\t\t\t\t<input id=\"uacf7_countries_uacf7_country_dropdown-564\" type=\"text\" class=\"wpcf7-form-control wpcf7-uacf7_country_dropdown uacf7_country_dropdown_with_flag\" aria-invalid=\"false\" name=\"uacf7_country_dropdown-564\">\n\n\t\t\t\t<span> <\/span>\n\n\t\t\t\t<div style=\"display:none;\">\n\t\t\t\t\t<input type=\"hidden\" id=\"uacf7_countries_uacf7_country_dropdown-564_code\" data-countrycodeinput=\"1\"\n\t\t\t\t\t\treadonly=\"readonly\" placeholder=\"Selected country code will appear here\" \/>\n\t\t\t\t<\/div>\n\n\t\t\t<\/span>\n\t\t <\/label>\n\n<label class=\"hundred-width\"> Cu\u00e9ntanos c\u00f3mo podemos ayudarte (optional)\n    <span class=\"wpcf7-form-control-wrap\" data-name=\"your-message\"><textarea cols=\"40\" rows=\"10\" maxlength=\"2000\" class=\"wpcf7-form-control wpcf7-textarea\" aria-invalid=\"false\" name=\"your-message\"><\/textarea><\/span> <\/label>\n\n\n<span class=\"hundred-width\"><span class=\"wpcf7-form-control-wrap\" data-name=\"checkbox-745\"><span class=\"wpcf7-form-control wpcf7-checkbox\"><span class=\"wpcf7-list-item first last\"><label><input type=\"checkbox\" name=\"checkbox-745[]\" value=\"Al marcar esta casilla, acepta recibir nuestro bolet\u00edn informativo que contiene actualizaciones, promociones y noticias. Puedes darte de baja en cualquier momento.\" \/><span class=\"wpcf7-list-item-label\">Al marcar esta casilla, acepta recibir nuestro bolet\u00edn informativo que contiene actualizaciones, promociones y noticias. Puedes darte de baja en cualquier momento.<\/span><\/label><\/span><\/span><\/span> \n\n<span class=\"hundred-width\"><span class=\"wpcf7-form-control-wrap\" data-name=\"term_and_conditions\"><span class=\"wpcf7-form-control wpcf7-acceptance\"><span class=\"wpcf7-list-item\"><label><input type=\"checkbox\" name=\"term_and_conditions\" value=\"1\" class=\"required\" aria-invalid=\"false\" \/><span class=\"wpcf7-list-item-label\">Respetamos tu privacidad. La informaci\u00f3n que proporcione en este formulario s\u00f3lo se utilizar\u00e1 con el fin de procesar su consulta. No compartiremos tus datos con terceros sin tu consentimiento. Para m\u00e1s informaci\u00f3n por favor lea nuestra pol\u00edtica de privacidad <a href=\"\/es\/privacy-policy\/\">pol\u00edtica de privacidad<\/a><\/span><\/label><\/span><\/span><\/span> <\/span>\n\n\n\n<input class=\"wpcf7-form-control wpcf7-submit has-spinner\" type=\"submit\" value=\"Env\u00eda tu mensaje\" \/><\/div><div class=\"wpcf7-response-output\" aria-hidden=\"true\"><\/div>\n<\/form>\n<\/div>\n            <\/div>\n\n        \t\t\t\t<\/div>\n\t\t\t\t<\/div>\n\t\t\t\t<\/div>\n\t\t\t\t\t<\/div>\n\t\t\t\t<\/div>\n\t\t\t\t\t<\/div>\n\t\t\t\t<\/div>\n\t\t\t\t<\/div>\n\t\t","protected":false},"excerpt":{"rendered":"<p>\u00a1Hola! \ud83d\udc4b \u00bfC\u00f3mo podemos ayudarte? Hablemos m\u00e1s de nuestros servicios. Tel\u00e9fono +1 (809) 596-3736 Correo electr\u00f3nico info@mitierraverde.com Nombre de pila Apellido Direcci\u00f3n de correo electr\u00f3nico N\u00famero de tel\u00e9fono Tu asunto Trabajo en EquipoViajes de IncentivoEventos CorporativosExperiencias VerdesBodasBoletos de Avi\u00f3nTransferenciasProgramas UniversitariosReclamacionesOtro(s) Pa\u00eds Cu\u00e9ntanos c\u00f3mo podemos ayudarte (optional) Al marcar esta casilla, acepta recibir nuestro bolet\u00edn informativo [&hellip;]<\/p>\n","protected":false},"author":1,"featured_media":0,"parent":0,"menu_order":0,"comment_status":"closed","ping_status":"closed","template":"elementor_header_footer","meta":{"_monsterinsights_skip_tracking":false,"_monsterinsights_sitenote_active":false,"_monsterinsights_sitenote_note":"","_monsterinsights_sitenote_category":0,"footnotes":""},"class_list":["post-75","page","type-page","status-publish","hentry"],"yoast_head":"<!-- This site is optimized with the Yoast SEO plugin v27.5 - https:\/\/yoast.com\/product\/yoast-seo-wordpress\/ -->\n<title>Contacto - My Blog<\/title>\n<meta name=\"robots\" content=\"index, follow, max-snippet:-1, max-image-preview:large, max-video-preview:-1\" \/>\n<link rel=\"canonical\" href=\"https:\/\/mitierraverde.com\/es\/contacto\/\" \/>\n<meta property=\"og:locale\" content=\"es_ES\" \/>\n<meta property=\"og:type\" content=\"article\" \/>\n<meta property=\"og:title\" content=\"Contacto - My Blog\" \/>\n<meta property=\"og:description\" content=\"\u00a1Hola! \ud83d\udc4b \u00bfC\u00f3mo podemos ayudarte? Hablemos m\u00e1s de nuestros servicios. Tel\u00e9fono +1 (809) 596-3736 Correo electr\u00f3nico info@mitierraverde.com Nombre de pila Apellido Direcci\u00f3n de correo electr\u00f3nico N\u00famero de tel\u00e9fono Tu asunto Trabajo en EquipoViajes de IncentivoEventos CorporativosExperiencias VerdesBodasBoletos de Avi\u00f3nTransferenciasProgramas UniversitariosReclamacionesOtro(s) Pa\u00eds Cu\u00e9ntanos c\u00f3mo podemos ayudarte (optional) Al marcar esta casilla, acepta recibir nuestro bolet\u00edn informativo [&hellip;]\" \/>\n<meta property=\"og:url\" content=\"https:\/\/mitierraverde.com\/es\/contacto\/\" \/>\n<meta property=\"og:site_name\" content=\"My Blog\" \/>\n<meta property=\"article:modified_time\" content=\"2023-11-08T08:02:36+00:00\" \/>\n<meta property=\"og:image\" content=\"https:\/\/mitierraverde.agency\/wp-content\/uploads\/2023\/10\/Group-122.png\" \/>\n<meta name=\"twitter:card\" content=\"summary_large_image\" \/>\n<meta name=\"twitter:label1\" content=\"Tiempo de lectura\" \/>\n\t<meta name=\"twitter:data1\" content=\"2 minutos\" \/>\n<script type=\"application\/ld+json\" class=\"yoast-schema-graph\">{\"@context\":\"https:\\\/\\\/schema.org\",\"@graph\":[{\"@type\":\"WebPage\",\"@id\":\"https:\\\/\\\/mitierraverde.com\\\/es\\\/contacto\\\/\",\"url\":\"https:\\\/\\\/mitierraverde.com\\\/es\\\/contacto\\\/\",\"name\":\"Contacto - My Blog\",\"isPartOf\":{\"@id\":\"https:\\\/\\\/mitierraverde.agency\\\/#website\"},\"primaryImageOfPage\":{\"@id\":\"https:\\\/\\\/mitierraverde.com\\\/es\\\/contacto\\\/#primaryimage\"},\"image\":{\"@id\":\"https:\\\/\\\/mitierraverde.com\\\/es\\\/contacto\\\/#primaryimage\"},\"thumbnailUrl\":\"https:\\\/\\\/mitierraverde.com\\\/wp-content\\\/uploads\\\/2023\\\/10\\\/Group-122.png\",\"datePublished\":\"2023-09-25T16:49:06+00:00\",\"dateModified\":\"2023-11-08T08:02:36+00:00\",\"breadcrumb\":{\"@id\":\"https:\\\/\\\/mitierraverde.com\\\/es\\\/contacto\\\/#breadcrumb\"},\"inLanguage\":\"es\",\"potentialAction\":[{\"@type\":\"ReadAction\",\"target\":[\"https:\\\/\\\/mitierraverde.com\\\/es\\\/contacto\\\/\"]}]},{\"@type\":\"ImageObject\",\"inLanguage\":\"es\",\"@id\":\"https:\\\/\\\/mitierraverde.com\\\/es\\\/contacto\\\/#primaryimage\",\"url\":\"https:\\\/\\\/mitierraverde.com\\\/wp-content\\\/uploads\\\/2023\\\/10\\\/Group-122.png\",\"contentUrl\":\"https:\\\/\\\/mitierraverde.com\\\/wp-content\\\/uploads\\\/2023\\\/10\\\/Group-122.png\"},{\"@type\":\"BreadcrumbList\",\"@id\":\"https:\\\/\\\/mitierraverde.com\\\/es\\\/contacto\\\/#breadcrumb\",\"itemListElement\":[{\"@type\":\"ListItem\",\"position\":1,\"name\":\"Home\",\"item\":\"https:\\\/\\\/mitierraverde.com\\\/es\\\/\"},{\"@type\":\"ListItem\",\"position\":2,\"name\":\"Contacto\"}]},{\"@type\":\"WebSite\",\"@id\":\"https:\\\/\\\/mitierraverde.agency\\\/#website\",\"url\":\"https:\\\/\\\/mitierraverde.agency\\\/\",\"name\":\"My Blog\",\"description\":\"My WordPress Blog\",\"publisher\":{\"@id\":\"https:\\\/\\\/mitierraverde.agency\\\/#organization\"},\"potentialAction\":[{\"@type\":\"SearchAction\",\"target\":{\"@type\":\"EntryPoint\",\"urlTemplate\":\"https:\\\/\\\/mitierraverde.agency\\\/?s={search_term_string}\"},\"query-input\":{\"@type\":\"PropertyValueSpecification\",\"valueRequired\":true,\"valueName\":\"search_term_string\"}}],\"inLanguage\":\"es\"},{\"@type\":\"Organization\",\"@id\":\"https:\\\/\\\/mitierraverde.agency\\\/#organization\",\"name\":\"My Blog\",\"url\":\"https:\\\/\\\/mitierraverde.agency\\\/\",\"logo\":{\"@type\":\"ImageObject\",\"inLanguage\":\"es\",\"@id\":\"https:\\\/\\\/mitierraverde.agency\\\/#\\\/schema\\\/logo\\\/image\\\/\",\"url\":\"https:\\\/\\\/i0.wp.com\\\/mitierraverde.com\\\/wp-content\\\/uploads\\\/2023\\\/10\\\/Logo.png?fit=64%2C50&ssl=1\",\"contentUrl\":\"https:\\\/\\\/i0.wp.com\\\/mitierraverde.com\\\/wp-content\\\/uploads\\\/2023\\\/10\\\/Logo.png?fit=64%2C50&ssl=1\",\"width\":64,\"height\":50,\"caption\":\"My Blog\"},\"image\":{\"@id\":\"https:\\\/\\\/mitierraverde.agency\\\/#\\\/schema\\\/logo\\\/image\\\/\"}}]}<\/script>\n<!-- \/ Yoast SEO plugin. -->","yoast_head_json":{"title":"Contacto - My Blog","robots":{"index":"index","follow":"follow","max-snippet":"max-snippet:-1","max-image-preview":"max-image-preview:large","max-video-preview":"max-video-preview:-1"},"canonical":"https:\/\/mitierraverde.com\/es\/contacto\/","og_locale":"es_ES","og_type":"article","og_title":"Contacto - My Blog","og_description":"\u00a1Hola! \ud83d\udc4b \u00bfC\u00f3mo podemos ayudarte? Hablemos m\u00e1s de nuestros servicios. Tel\u00e9fono +1 (809) 596-3736 Correo electr\u00f3nico info@mitierraverde.com Nombre de pila Apellido Direcci\u00f3n de correo electr\u00f3nico N\u00famero de tel\u00e9fono Tu asunto Trabajo en EquipoViajes de IncentivoEventos CorporativosExperiencias VerdesBodasBoletos de Avi\u00f3nTransferenciasProgramas UniversitariosReclamacionesOtro(s) Pa\u00eds Cu\u00e9ntanos c\u00f3mo podemos ayudarte (optional) Al marcar esta casilla, acepta recibir nuestro bolet\u00edn informativo [&hellip;]","og_url":"https:\/\/mitierraverde.com\/es\/contacto\/","og_site_name":"My Blog","article_modified_time":"2023-11-08T08:02:36+00:00","og_image":[{"url":"https:\/\/mitierraverde.agency\/wp-content\/uploads\/2023\/10\/Group-122.png","type":"","width":"","height":""}],"twitter_card":"summary_large_image","twitter_misc":{"Tiempo de lectura":"2 minutos"},"schema":{"@context":"https:\/\/schema.org","@graph":[{"@type":"WebPage","@id":"https:\/\/mitierraverde.com\/es\/contacto\/","url":"https:\/\/mitierraverde.com\/es\/contacto\/","name":"Contacto - My Blog","isPartOf":{"@id":"https:\/\/mitierraverde.agency\/#website"},"primaryImageOfPage":{"@id":"https:\/\/mitierraverde.com\/es\/contacto\/#primaryimage"},"image":{"@id":"https:\/\/mitierraverde.com\/es\/contacto\/#primaryimage"},"thumbnailUrl":"https:\/\/mitierraverde.com\/wp-content\/uploads\/2023\/10\/Group-122.png","datePublished":"2023-09-25T16:49:06+00:00","dateModified":"2023-11-08T08:02:36+00:00","breadcrumb":{"@id":"https:\/\/mitierraverde.com\/es\/contacto\/#breadcrumb"},"inLanguage":"es","potentialAction":[{"@type":"ReadAction","target":["https:\/\/mitierraverde.com\/es\/contacto\/"]}]},{"@type":"ImageObject","inLanguage":"es","@id":"https:\/\/mitierraverde.com\/es\/contacto\/#primaryimage","url":"https:\/\/mitierraverde.com\/wp-content\/uploads\/2023\/10\/Group-122.png","contentUrl":"https:\/\/mitierraverde.com\/wp-content\/uploads\/2023\/10\/Group-122.png"},{"@type":"BreadcrumbList","@id":"https:\/\/mitierraverde.com\/es\/contacto\/#breadcrumb","itemListElement":[{"@type":"ListItem","position":1,"name":"Home","item":"https:\/\/mitierraverde.com\/es\/"},{"@type":"ListItem","position":2,"name":"Contacto"}]},{"@type":"WebSite","@id":"https:\/\/mitierraverde.agency\/#website","url":"https:\/\/mitierraverde.agency\/","name":"My Blog","description":"My WordPress Blog","publisher":{"@id":"https:\/\/mitierraverde.agency\/#organization"},"potentialAction":[{"@type":"SearchAction","target":{"@type":"EntryPoint","urlTemplate":"https:\/\/mitierraverde.agency\/?s={search_term_string}"},"query-input":{"@type":"PropertyValueSpecification","valueRequired":true,"valueName":"search_term_string"}}],"inLanguage":"es"},{"@type":"Organization","@id":"https:\/\/mitierraverde.agency\/#organization","name":"My Blog","url":"https:\/\/mitierraverde.agency\/","logo":{"@type":"ImageObject","inLanguage":"es","@id":"https:\/\/mitierraverde.agency\/#\/schema\/logo\/image\/","url":"https:\/\/i0.wp.com\/mitierraverde.com\/wp-content\/uploads\/2023\/10\/Logo.png?fit=64%2C50&ssl=1","contentUrl":"https:\/\/i0.wp.com\/mitierraverde.com\/wp-content\/uploads\/2023\/10\/Logo.png?fit=64%2C50&ssl=1","width":64,"height":50,"caption":"My Blog"},"image":{"@id":"https:\/\/mitierraverde.agency\/#\/schema\/logo\/image\/"}}]}},"jetpack_sharing_enabled":true,"_links":{"self":[{"href":"https:\/\/mitierraverde.com\/es\/wp-json\/wp\/v2\/pages\/75","targetHints":{"allow":["GET"]}}],"collection":[{"href":"https:\/\/mitierraverde.com\/es\/wp-json\/wp\/v2\/pages"}],"about":[{"href":"https:\/\/mitierraverde.com\/es\/wp-json\/wp\/v2\/types\/page"}],"author":[{"embeddable":true,"href":"https:\/\/mitierraverde.com\/es\/wp-json\/wp\/v2\/users\/1"}],"replies":[{"embeddable":true,"href":"https:\/\/mitierraverde.com\/es\/wp-json\/wp\/v2\/comments?post=75"}],"version-history":[{"count":7,"href":"https:\/\/mitierraverde.com\/es\/wp-json\/wp\/v2\/pages\/75\/revisions"}],"predecessor-version":[{"id":1084,"href":"https:\/\/mitierraverde.com\/es\/wp-json\/wp\/v2\/pages\/75\/revisions\/1084"}],"wp:attachment":[{"href":"https:\/\/mitierraverde.com\/es\/wp-json\/wp\/v2\/media?parent=75"}],"curies":[{"name":"wp","href":"https:\/\/api.w.org\/{rel}","templated":true}]}}